{"id":7,"date":"2018-10-05T17:22:11","date_gmt":"2018-10-05T15:22:11","guid":{"rendered":"http:\/\/julien-dep.fr\/?page_id=7"},"modified":"2025-06-01T16:47:27","modified_gmt":"2025-06-01T14:47:27","slug":"accueil","status":"publish","type":"page","link":"https:\/\/julien-dep.fr\/","title":{"rendered":"Bonjour"},"content":{"rendered":"<h1>Bienvenue sur le site de Julien Dep,<\/h1>\n<h2><strong>installateur d\u00e9panneur<\/strong><\/h2>\n<h3>Antenne, Parabole, r\u00e9ception HD, branchement TV Hifi Vid\u00e9o, \u00e9lectrom\u00e9nager gros et petit toutes marques.<\/h3>\n\n\n<div class=\"wp-block-columns is-layout-flex wp-container-core-columns-is-layout-9d6595d7 wp-block-columns-is-layout-flex\">\n<div class=\"wp-block-column is-layout-flow wp-block-column-is-layout-flow\" style=\"flex-basis:90%\">\n<p class=\"has-text-align-center has-text-color has-background\" style=\"color:#ff0000;background-color:#f8ea01\">Attention nouvelle num\u00e9rotation des cha\u00eenes de la TNT  \u00e0 partir du 6 juin 2025. Si \u00e7a ne marche pas il faudra faire une nouvelle recherche des cha\u00eenes.<\/p>\n<\/div>\n\n\n\n<div class=\"wp-block-column is-layout-flow wp-block-column-is-layout-flow\" style=\"flex-basis:10%\">\n<figure class=\"wp-block-image size-large\"><img loading=\"lazy\" decoding=\"async\" width=\"531\" height=\"1024\" src=\"https:\/\/julien-dep.fr\/wp-content\/uploads\/2025\/06\/Nouvelle-numerotation-531x1024.png\" alt=\"\" class=\"wp-image-186\" srcset=\"https:\/\/julien-dep.fr\/wp-content\/uploads\/2025\/06\/Nouvelle-numerotation-531x1024.png 531w, https:\/\/julien-dep.fr\/wp-content\/uploads\/2025\/06\/Nouvelle-numerotation-155x300.png 155w, https:\/\/julien-dep.fr\/wp-content\/uploads\/2025\/06\/Nouvelle-numerotation-768x1482.png 768w, https:\/\/julien-dep.fr\/wp-content\/uploads\/2025\/06\/Nouvelle-numerotation-796x1536.png 796w, https:\/\/julien-dep.fr\/wp-content\/uploads\/2025\/06\/Nouvelle-numerotation.png 800w\" sizes=\"auto, (max-width: 531px) 100vw, 531px\" \/><\/figure>\n<\/div>\n<\/div>\n","protected":false},"excerpt":{"rendered":"<p>Bienvenue sur le site de Julien Dep, installateur d\u00e9panneur Antenne, Parabole, r\u00e9ception HD, branchement TV Hifi Vid\u00e9o, \u00e9lectrom\u00e9nager gros et petit toutes marques. Attention nouvelle num\u00e9rotation des cha\u00eenes de la TNT \u00e0 partir du 6 juin 2025. Si \u00e7a ne marche pas il faudra faire une nouvelle recherche des cha\u00eenes.<\/p>\n","protected":false},"author":1,"featured_media":0,"parent":0,"menu_order":0,"comment_status":"closed","ping_status":"closed","template":"accueil.php","meta":{"footnotes":""},"class_list":["post-7","page","type-page","status-publish","hentry"],"_links":{"self":[{"href":"https:\/\/julien-dep.fr\/index.php?rest_route=\/wp\/v2\/pages\/7","targetHints":{"allow":["GET"]}}],"collection":[{"href":"https:\/\/julien-dep.fr\/index.php?rest_route=\/wp\/v2\/pages"}],"about":[{"href":"https:\/\/julien-dep.fr\/index.php?rest_route=\/wp\/v2\/types\/page"}],"author":[{"embeddable":true,"href":"https:\/\/julien-dep.fr\/index.php?rest_route=\/wp\/v2\/users\/1"}],"replies":[{"embeddable":true,"href":"https:\/\/julien-dep.fr\/index.php?rest_route=%2Fwp%2Fv2%2Fcomments&post=7"}],"version-history":[{"count":14,"href":"https:\/\/julien-dep.fr\/index.php?rest_route=\/wp\/v2\/pages\/7\/revisions"}],"predecessor-version":[{"id":189,"href":"https:\/\/julien-dep.fr\/index.php?rest_route=\/wp\/v2\/pages\/7\/revisions\/189"}],"wp:attachment":[{"href":"https:\/\/julien-dep.fr\/index.php?rest_route=%2Fwp%2Fv2%2Fmedia&parent=7"}],"curies":[{"name":"wp","href":"https:\/\/api.w.org\/{rel}","templated":true}]}}